{"id":682,"date":"2016-12-15T13:47:22","date_gmt":"2016-12-15T12:47:22","guid":{"rendered":"http:\/\/thekasper.de\/?page_id=682"},"modified":"2017-01-29T12:25:30","modified_gmt":"2017-01-29T11:25:30","slug":"about-me","status":"publish","type":"page","link":"https:\/\/thekasper.de\/?page_id=682","title":{"rendered":"About Me"},"content":{"rendered":"<div id=\"pl-682\"  class=\"panel-layout\" ><div id=\"pg-682-0\"  class=\"panel-grid panel-has-style\" ><div style=\"padding: 15px 0; \" data-overlay=\"true\" data-overlay-color=\"#000000\" class=\"panel-row-style panel-row-style-for-682-0\" ><div id=\"pgc-682-0-0\"  class=\"panel-grid-cell\" ><div id=\"panel-682-0-0-0\" class=\"so-panel widget widget_sow-image panel-first-child panel-last-child\" data-index=\"0\" ><div style=\"text-align: left;\" data-title-color=\"#443f3f\" data-headings-color=\"#443f3f\" class=\"panel-widget-style panel-widget-style-for-682-0-0-0\" ><div\n\t\t\t\n\t\t\tclass=\"so-widget-sow-image so-widget-sow-image-default-dbf295114b96-682\"\n\t\t\t\n\t\t>\n<div class=\"sow-image-container\">\n\t\t<img \n\tsrc=\"https:\/\/thekasper.de\/wp-content\/uploads\/2016\/12\/02_about01-e1481805939888.jpg\" width=\"1024\" height=\"683\" sizes=\"(max-width: 1024px) 100vw, 1024px\" title=\"02_about01\" alt=\"\" \t\tclass=\"so-widget-image\"\/>\n\t<\/div>\n\n<\/div><\/div><\/div><\/div><div id=\"pgc-682-0-1\"  class=\"panel-grid-cell\" ><div id=\"panel-682-0-1-0\" class=\"so-panel widget widget_sow-editor panel-first-child panel-last-child\" data-index=\"1\" ><div style=\"text-align: left;\" data-title-color=\"#443f3f\" data-headings-color=\"#443f3f\" class=\"panel-widget-style panel-widget-style-for-682-0-1-0\" ><div\n\t\t\t\n\t\t\tclass=\"so-widget-sow-editor so-widget-sow-editor-base\"\n\t\t\t\n\t\t><h3 class=\"widget-title\">About Me<\/h3>\n<div class=\"siteorigin-widget-tinymce textwidget\">\n\t<p class=\"p1\"><span class=\"s1\">Alex Kasper alias <strong>\"The Kasper\"<\/strong> ist ein Solok\u00fcnstler, an der Gitarre und den Stimmb\u00e4ndern. Begleitet wird er durch ein Arrangement, welches durch einen Verst\u00e4rker wiedergegeben wird.<\/span><\/p>\n<p class=\"p1\"><span class=\"s1\">Er stellt sein Rockalbum \"offline\" vor.<\/span><\/p>\n<p class=\"p1\"><span class=\"s1\">Sein Programm ist sehr abwechslungsreich. Neben seinen harten und weichen, lauten und ruhigen, sowie auch schnellen oder langsamen Nummern, finden Coversongs auch noch Platz.<\/span><\/p>\n<p class=\"p1\"><span class=\"s1\">Eine au\u00dfergew\u00f6hnliche B\u00fchnenperformance mit tollen Lichtspielen ist garantiert.<\/span><\/p>\n<p class=\"p1\"><span class=\"s1\">Die Spieldauer kann je nach Wunsch, zwischen 1-3 Stunden gestaltet werden.<\/span><\/p>\n<\/div>\n<\/div><\/div><\/div><\/div><\/div><\/div><div id=\"pg-682-1\"  class=\"panel-grid panel-has-style\" ><div style=\"padding: 15px 0; \" data-overlay=\"true\" data-overlay-color=\"#000000\" class=\"panel-row-style panel-row-style-for-682-1\" ><div id=\"pgc-682-1-0\"  class=\"panel-grid-cell\" ><div id=\"panel-682-1-0-0\" class=\"so-panel widget widget_sow-editor panel-first-child panel-last-child\" data-index=\"2\" ><div style=\"text-align: left;\" data-title-color=\"#443f3f\" data-headings-color=\"#443f3f\" class=\"panel-widget-style panel-widget-style-for-682-1-0-0\" ><div\n\t\t\t\n\t\t\tclass=\"so-widget-sow-editor so-widget-sow-editor-base\"\n\t\t\t\n\t\t><h3 class=\"widget-title\">Biographie<\/h3>\n<div class=\"siteorigin-widget-tinymce textwidget\">\n\t<p class=\"p1\"><b><\/b><span class=\"s2\"><b>1984<\/b> am 25.05. wurde Alexander Kasper in Kasachstan\/Balchasch geboren<\/span><\/p>\n<p class=\"p1\"><span class=\"s2\"><b>1990<\/b> kam er nach Deutschland<\/span><\/p>\n<p class=\"p1\"><span class=\"s2\"><b>1992<\/b> erlernte er die klassische Gitarre<\/span><\/p>\n<p class=\"p1\"><span class=\"s2\"><b>1996<\/b> schrieb er seine ersten eigenen Songs, die es aber nur bis in den M\u00fclleimer schafften<\/span><\/p>\n<p class=\"p1\"><span class=\"s2\"><b>1997<\/b> musizierte er f\u00fcr ungef\u00e4hr 2 Jahre zusammen mit einem gleichaltrigen S\u00e4nger unter dem Namen \u201eAS\u201c<\/span><\/p>\n<p class=\"p1\"><span class=\"s2\"><b>2000<\/b> gr\u00fcndete er seine erste Band unter dem Namen \u201eLong Jones\u201c<\/span><\/p>\n<p class=\"p1\"><span class=\"s2\"> Gr\u00f6\u00dfter Erfolg: Auftritt beim Southside Festival im Jahre 2005<\/span><\/p>\n<p class=\"p1\"><span class=\"s2\"> Nach 3 Alben trennte sich die Band im Jahre 2007 aufgrund ihrer beruflichen Wege<\/span><\/p>\n<p class=\"p1\"><span class=\"s2\"><b>2010<\/b> gr\u00fcndete er seine Zweite Band \u201eThe Mesh\u201c die es heute noch gibt<\/span><\/p>\n<p class=\"p1\"><span class=\"s2\"><b>2014<\/b> wurde er von der musikalischen Leitung angeworben in die KSK Best of Band alias die \u201eGroovegeschwister\u201c einzutreten, mit denen er seither regelm\u00e4\u00dfig auftritt<\/span><\/p>\n<p class=\"p1\"><span class=\"s2\"><b>2016<\/b> trat er erstmals als Solok\u00fcnstler bei der Kneipenlivenacht in Ditzingen auf <\/span><\/p>\n<p class=\"p1\"><span class=\"s2\"><b>f\u00fcr 2017<\/b> plant er eine gro\u00dfe Bartour im<span class=\"Apple-converted-space\">\u00a0 <\/span>Raum Ludwigsburg<\/span><\/p>\n<\/div>\n<\/div><\/div><\/div><\/div><div id=\"pgc-682-1-1\"  class=\"panel-grid-cell\" ><div id=\"panel-682-1-1-0\" class=\"so-panel widget widget_sow-image panel-first-child panel-last-child\" data-index=\"3\" ><div style=\"text-align: left;\" data-title-color=\"#443f3f\" data-headings-color=\"#443f3f\" class=\"panel-widget-style panel-widget-style-for-682-1-1-0\" ><div\n\t\t\t\n\t\t\tclass=\"so-widget-sow-image so-widget-sow-image-default-dbf295114b96-682\"\n\t\t\t\n\t\t>\n<div class=\"sow-image-container\">\n\t\t<img \n\tsrc=\"https:\/\/thekasper.de\/wp-content\/uploads\/2016\/12\/31.jpg\" width=\"400\" height=\"265\" srcset=\"https:\/\/thekasper.de\/wp-content\/uploads\/2016\/12\/31.jpg 400w, https:\/\/thekasper.de\/wp-content\/uploads\/2016\/12\/31-300x199.jpg 300w, https:\/\/thekasper.de\/wp-content\/uploads\/2016\/12\/31-230x152.jpg 230w, https:\/\/thekasper.de\/wp-content\/uploads\/2016\/12\/31-350x232.jpg 350w\" sizes=\"(max-width: 400px) 100vw, 400px\" title=\"Chronik\" alt=\"\" \t\tclass=\"so-widget-image\"\/>\n\t<\/div>\n\n<\/div><\/div><\/div><\/div><\/div><\/div><div id=\"pg-682-2\"  class=\"panel-grid panel-has-style\" ><div style=\"padding: 15px 0; \" data-overlay=\"true\" data-overlay-color=\"#000000\" class=\"panel-row-style panel-row-style-for-682-2\" ><div id=\"pgc-682-2-0\"  class=\"panel-grid-cell\" ><div id=\"panel-682-2-0-0\" class=\"so-panel widget widget_sow-image panel-first-child panel-last-child\" data-index=\"4\" ><div style=\"text-align: left;\" data-title-color=\"#443f3f\" data-headings-color=\"#443f3f\" class=\"panel-widget-style panel-widget-style-for-682-2-0-0\" ><div\n\t\t\t\n\t\t\tclass=\"so-widget-sow-image so-widget-sow-image-default-dbf295114b96-682\"\n\t\t\t\n\t\t>\n<div class=\"sow-image-container\">\n\t\t<img \n\tsrc=\"https:\/\/thekasper.de\/wp-content\/uploads\/2016\/12\/04-e1481806946823.jpg\" width=\"1024\" height=\"768\" sizes=\"(max-width: 1024px) 100vw, 1024px\" title=\"04\" alt=\"\" \t\tclass=\"so-widget-image\"\/>\n\t<\/div>\n\n<\/div><\/div><\/div><\/div><div id=\"pgc-682-2-1\"  class=\"panel-grid-cell\" ><div id=\"panel-682-2-1-0\" class=\"so-panel widget widget_sow-editor panel-first-child panel-last-child\" data-index=\"5\" ><div style=\"text-align: left;\" data-title-color=\"#443f3f\" data-headings-color=\"#443f3f\" class=\"panel-widget-style panel-widget-style-for-682-2-1-0\" ><div\n\t\t\t\n\t\t\tclass=\"so-widget-sow-editor so-widget-sow-editor-base\"\n\t\t\t\n\t\t><h3 class=\"widget-title\">Inspiration<\/h3>\n<div class=\"siteorigin-widget-tinymce textwidget\">\n\t<p class=\"p1\"><span class=\"s1\">\u00dcber die gesamten Jahre hat \u201eThe Kasper\u201c eigene Songs geschrieben.<span class=\"Apple-converted-space\">\u00a0 <\/span><\/span><\/p>\n<p class=\"p1\"><span class=\"s1\">Er schrieb Song f\u00fcr Song, nahm sie auf seinem Laptop und mit entsprechendem Equipment auf und lud sie auf www.facebook.de hoch. <\/span><\/p>\n<p class=\"p1\"><span class=\"s1\">So konnte er schauen, wie die Songs ankamen. Er stellte <\/span><span class=\"s1\">auch eigene Musikvideos mit seinem Handy her. Dabei experimentierte er mit den Songs. <\/span><\/p>\n<p class=\"p1\"><span class=\"s1\">Zuerst sang er auf englisch. Dann versuchte er es auf deutsch, und wegen seiner Wurzeln, schrieb er auch eins auf russisch. <\/span><\/p>\n<p class=\"p1\"><span class=\"s1\">So nahm er an die 20 Songs mit Gesang und Instrumenten in seinen eigenen vier W\u00e4nden auf. Er w\u00e4hlte die besten 15 Songs f\u00fcrs Mastering, die auf seinem ersten Album namens \u201eoffline\u201c erscheinen sollten, welches Ende 2015 produziert und fertiggestellt wurde.<\/span><\/p>\n<\/div>\n<\/div><\/div><\/div><\/div><\/div><\/div><div id=\"pg-682-3\"  class=\"panel-grid panel-has-style\" ><div class=\"siteorigin-panels-stretch panel-row-style panel-row-style-for-682-3\" style=\"padding: 15px 0; \" data-stretch-type=\"full\" data-overlay=\"true\" data-overlay-color=\"#000000\" ><div id=\"pgc-682-3-0\"  class=\"panel-grid-cell\" ><div id=\"panel-682-3-0-0\" class=\"so-panel widget widget_fp_social panel-first-child panel-last-child\" data-index=\"6\" ><div style=\"text-align: left;\" data-title-color=\"#443f3f\" data-headings-color=\"#443f3f\" class=\"panel-widget-style panel-widget-style-for-682-3-0-0\" >\t\t\t\t\t\t<div class=\"menu-thekaspersocialmenu-container\"><ul id=\"menu-thekaspersocialmenu\" class=\"menu social-menu-widget clearfix\"><li id=\"menu-item-52\" class=\"menu-item menu-item-type-custom menu-item-object-custom menu-item-52\"><a href=\"https:\/\/www.facebook.com\/thekaspermusic\"><span class=\"screen-reader-text\">Fb<\/span><\/a><\/li>\n<li id=\"menu-item-57\" class=\"menu-item menu-item-type-custom menu-item-object-custom menu-item-57\"><a href=\"https:\/\/www.youtube.com\/user\/TheTheTheKasper\"><span class=\"screen-reader-text\">Youtube<\/span><\/a><\/li>\n<li id=\"menu-item-468\" class=\"menu-item menu-item-type-custom menu-item-object-custom menu-item-468\"><a href=\"https:\/\/soundcloud.com\/the-kasper\"><span class=\"screen-reader-text\">Sound Cloud<\/span><\/a><\/li>\n<\/ul><\/div>\t\r\n\t\t<\/div><\/div><\/div><\/div><\/div><\/div>","protected":false},"excerpt":{"rendered":"<p>Alex Kasper alias &#8220;The Kasper&#8221; ist ein Solok\u00fcnstler, an der Gitarre und den Stimmb\u00e4ndern. Begleitet wird er durch ein Arrangement, welches durch einen Verst\u00e4rker wiedergegeben wird.Er stellt sein Rockalbum &#8220;offline&#8221; vor.Sein Programm ist sehr abwechslungsreich. Neben seinen harten und weichen, lauten und ruhigen, sowie auch schnellen oder langsamen Nummern, finden Coversongs auch noch Platz.Eine au\u00dfergew\u00f6hnliche [&hellip;]<\/p>\n","protected":false},"author":1,"featured_media":0,"parent":0,"menu_order":0,"comment_status":"closed","ping_status":"closed","template":"page-templates\/page_front-page.php","meta":{"footnotes":""},"class_list":["post-682","page","type-page","status-publish","hentry"],"_links":{"self":[{"href":"https:\/\/thekasper.de\/index.php?rest_route=\/wp\/v2\/pages\/682","targetHints":{"allow":["GET"]}}],"collection":[{"href":"https:\/\/thekasper.de\/index.php?rest_route=\/wp\/v2\/pages"}],"about":[{"href":"https:\/\/thekasper.de\/index.php?rest_route=\/wp\/v2\/types\/page"}],"author":[{"embeddable":true,"href":"https:\/\/thekasper.de\/index.php?rest_route=\/wp\/v2\/users\/1"}],"replies":[{"embeddable":true,"href":"https:\/\/thekasper.de\/index.php?rest_route=%2Fwp%2Fv2%2Fcomments&post=682"}],"version-history":[{"count":10,"href":"https:\/\/thekasper.de\/index.php?rest_route=\/wp\/v2\/pages\/682\/revisions"}],"predecessor-version":[{"id":828,"href":"https:\/\/thekasper.de\/index.php?rest_route=\/wp\/v2\/pages\/682\/revisions\/828"}],"wp:attachment":[{"href":"https:\/\/thekasper.de\/index.php?rest_route=%2Fwp%2Fv2%2Fmedia&parent=682"}],"curies":[{"name":"wp","href":"https:\/\/api.w.org\/{rel}","templated":true}]}}