{"id":719,"date":"2016-12-30T15:03:19","date_gmt":"2016-12-30T14:03:19","guid":{"rendered":"http:\/\/thekasper.de\/?page_id=719"},"modified":"2021-08-11T16:37:19","modified_gmt":"2021-08-11T14:37:19","slug":"live-on-concert","status":"publish","type":"page","link":"https:\/\/thekasper.de\/?page_id=719","title":{"rendered":"Live on Stage"},"content":{"rendered":"<div id=\"pl-719\"  class=\"panel-layout\" ><div id=\"pg-719-0\"  class=\"panel-grid panel-has-style\" ><div style=\"padding: 25px 0; \" data-overlay=\"true\" data-overlay-color=\"#000000\" class=\"panel-row-style panel-row-style-for-719-0\" ><div id=\"pgc-719-0-0\"  class=\"panel-grid-cell\" ><div id=\"panel-719-0-0-0\" class=\"so-panel widget widget_sow-image panel-first-child panel-last-child\" data-index=\"0\" ><div style=\"text-align: left;\" data-title-color=\"#443f3f\" data-headings-color=\"#443f3f\" class=\"panel-widget-style panel-widget-style-for-719-0-0-0\" ><div\n\t\t\t\n\t\t\tclass=\"so-widget-sow-image so-widget-sow-image-default-dbf295114b96-719\"\n\t\t\t\n\t\t>\n<div class=\"sow-image-container\">\n\t\t<img \n\tsrc=\"https:\/\/thekasper.de\/wp-content\/uploads\/2015\/03\/03_live01.jpg\" width=\"6000\" height=\"4000\" srcset=\"https:\/\/thekasper.de\/wp-content\/uploads\/2015\/03\/03_live01.jpg 6000w, https:\/\/thekasper.de\/wp-content\/uploads\/2015\/03\/03_live01-300x200.jpg 300w, https:\/\/thekasper.de\/wp-content\/uploads\/2015\/03\/03_live01-768x512.jpg 768w, https:\/\/thekasper.de\/wp-content\/uploads\/2015\/03\/03_live01-1024x683.jpg 1024w, https:\/\/thekasper.de\/wp-content\/uploads\/2015\/03\/03_live01-830x553.jpg 830w, https:\/\/thekasper.de\/wp-content\/uploads\/2015\/03\/03_live01-230x153.jpg 230w, https:\/\/thekasper.de\/wp-content\/uploads\/2015\/03\/03_live01-350x233.jpg 350w, https:\/\/thekasper.de\/wp-content\/uploads\/2015\/03\/03_live01-480x320.jpg 480w, https:\/\/thekasper.de\/wp-content\/uploads\/2015\/03\/03_live01-272x182.jpg 272w\" sizes=\"(max-width: 6000px) 100vw, 6000px\" alt=\"\" \t\tclass=\"so-widget-image\"\/>\n\t<\/div>\n\n<\/div><\/div><\/div><\/div><div id=\"pgc-719-0-1\"  class=\"panel-grid-cell\" ><div id=\"panel-719-0-1-0\" class=\"so-panel widget widget_sow-editor panel-first-child panel-last-child\" data-index=\"1\" ><div style=\"text-align: left;\" data-title-color=\"#443f3f\" data-headings-color=\"#443f3f\" class=\"panel-widget-style panel-widget-style-for-719-0-1-0\" ><div\n\t\t\t\n\t\t\tclass=\"so-widget-sow-editor so-widget-sow-editor-base\"\n\t\t\t\n\t\t><h3 class=\"widget-title\">Live on Stage<\/h3>\n<div class=\"siteorigin-widget-tinymce textwidget\">\n\t<p>&nbsp;<\/p>\n<ul>\n<li><a href=\"https:\/\/www.facebook.com\/events\/223967466313640\/?ref=newsfeed\">05.09.2021 The Kasper (Solo) Lucky Eventlocation in Aichtal ab 10:00 Uhr<\/a><\/li>\n<li><a href=\"https:\/\/www.facebook.com\/events\/1070153559840859\/\">03.08.2020 The Kasper (Solo) Lucky Eventlocation in Aichtal ab 20:30 Uhr<\/a><\/li>\n<li><a href=\"https:\/\/www.facebook.com\/events\/343933632897911\/\">27.07.2019 The Kasper (Solo) in Bietigheim (Benefizkonzert)<\/a> <strong><a href=\"https:\/\/www.youtube.com\/watch?v=X8Y-fwsPdiY&amp;feature=youtu.be&amp;fbclid=IwAR3UMGR0j6XyIpW2ql_C3O_2ED2bXT_62BjW3q2k5n9ECepSKiQoauCOia0\">(freakstation live)<\/a><\/strong><\/li>\n<li><a href=\"https:\/\/www.facebook.com\/events\/1819292331497969\/?notif_t=plan_user_invited&amp;notif_id=1551729873739828\">07.07.2019 The Kasper (Solo) Oldtimer treffen in M\u00f6ckm\u00fchl ab 12 Uhr<\/a><\/li>\n<li><a href=\"https:\/\/www.facebook.com\/kasperalex\/videos\/2547463311991987\/\">28.02.2019 The Kasper (Solo) Gl\u00fcckskind in Winnenden ab 20 Uhr (Konzert live)<\/a><\/li>\n<li><a href=\"https:\/\/www.facebook.com\/VereinsheimNeuenhaus\/\">23.02.2019 The Mesh live in Aichtal (Lucky Eventlocation) mit Helimoped und Small Town Industries<\/a><\/li>\n<li><a href=\"https:\/\/www.facebook.com\/Gl%C3%BChweindorf-Besigheim-127906791259322\/\">20.01.2019 The Kasper (Solo) Gl\u00fchweindorf Besigheim (Gel\u00e4nde Route27) ab 14 Uhr<\/a><\/li>\n<li><a href=\"https:\/\/www.facebook.com\/Gl%C3%BChweindorf-Besigheim-127906791259322\/\">18.01.2019 The Mesh live Gl\u00fchweindorf Besigheim (Gel\u00e4nde Route27) ab 18 Uhr<\/a><\/li>\n<li><a href=\"https:\/\/www.facebook.com\/events\/326331954594012\/?notif_t=event_calendar_create&amp;notif_id=1538474150085842\">08.12.2018 The Kasper (Solo) Gecko in Calw ab 20 Uhr<\/a><\/li>\n<li><a href=\"https:\/\/www.facebook.com\/Streetfood-Fiesta-1973061349680133\/?__tn__=kCH-R&amp;eid=ARBBejof11Yuj7jHR_5S_2shPdM6ZAC2iXoeUppC4ln1MQYV3W0xLBB-ibiwREVsyzc1I3q-X3tAnRsO&amp;hc_ref=ARSsp5qPGShR0OxrX4P-_75oIy8mjIxMMi3oD-vL3IVjvqyvZ1N5I8yeUmqaHb29QHE&amp;fref=nf&amp;__xts__[0]=68.ARDuvv-YRlIt-yoY3MnwKO_OBNbTGP1IanRj6HVR_rtCUJLtdTL_O2btPuER4T-vskPG09I6xXz5CPJJrAC60AhzFil6R8Jp8-YDcBt0UXar1vOdwXkWtxN5umSuz2EUU8AjX6HYRyyx65rV_LT5ZtDBrCRqydQYHJFIRaZJnil3vaS8eUZ2AazvU4slwNdn2jXHZ_7QOqxpw6st55QB4anh\">27.10.2018 The Kasper (Solo) Street Food Fiesta in Calw (17.30 - 21.30 Uhr)<\/a><\/li>\n<li><a href=\"https:\/\/www.facebook.com\/events\/498312280603119\/554488741652139\/?notif_t=admin_plan_mall_activity&amp;notif_id=1536424439764820\">08.09.2018 The Mesh live als Vorband von \"The Jack\"(AC\/DC Coverband) in Markgr\u00f6ningen (Tennishalle) ab 20 Uhr <\/a><strong><a href=\"https:\/\/www.facebook.com\/TheKasperFanpage\/videos\/445540102635121\/\">(\"walk into the game\" live)<\/a><\/strong><\/li>\n<li><a href=\"https:\/\/www.facebook.com\/events\/178646806315479\/?notif_t=plan_edited&amp;notif_id=1530047421876337\">30.06.2018 The Mesh live aufn Marktplatzfest (Ludwigsburg) 14 Uhr<\/a><\/li>\n<li><a href=\"https:\/\/www.facebook.com\/events\/456898394787586\/467542630389829\/?notif_t=admin_plan_mall_activity&amp;notif_id=1529400845382115\">21.06.2018 The Kasper (Solo) Gl\u00fcckskind in Winnenden 18.50 Uhr<\/a><\/li>\n<li><a href=\"https:\/\/www.facebook.com\/events\/355445544941011\/\">09.06.2018 The Mesh\/ The Kasper (Band) unplugged Eddi\u00b4s Biker-Residenz zum L\u00f6wen<\/a><\/li>\n<li><a href=\"https:\/\/www.facebook.com\/events\/206651976567697\/\">02.03.2018 The Mesh (Band) unplugged im Gaswerk (B\u00f6nnigheim) Beginn 21 Uhr<\/a><\/li>\n<li><a href=\"https:\/\/www.facebook.com\/events\/321571158251343\/\">31.12.2017<\/a><a href=\"https:\/\/www.facebook.com\/events\/321571158251343\/\"> The Kasper (Solo) Finnegan\u00b4s der Rock Pup in Heilbronn ab 20 Uhr<\/a><\/li>\n<li><a href=\"https:\/\/www.facebook.com\/events\/529711637377195\/\">02.12.2017 The Kasper and friends (Solo mit Hoffi) Kukuksb\u00fchne (Weil der Stadt) ab 20 Uhr<\/a><\/li>\n<li><a href=\"https:\/\/www.facebook.com\/events\/119782762026083\/?acontext=%7B%22ref%22%3A%223%22%2C%22ref_newsfeed_story_type%22%3A%22regular%22%2C%22feed_story_type%22%3A%22279%22%2C%22action_history%22%3A%22null%22%7D\">14.10.2017 The Kasper (Solo) im Gaswerk (B\u00f6nnigheim) Beginn 21.30 Uhr<\/a><\/li>\n<li>13.08.2017 The Kasper (Solo) \"Lazy Sunday\" (Weil der Stadt)<\/li>\n<li>15.08.2017 The Kasper (Solo) Stromberg Keller (B\u00f6nnigheim)<\/li>\n<li><a href=\"https:\/\/www.facebook.com\/events\/1903336299940780\/?acontext=%7B%22ref%22%3A%22108%22%2C%22action_history%22%3A%22null%22%7D\">01.07.2017 <\/a><a href=\"https:\/\/www.facebook.com\/events\/1903336299940780\/?acontext=%7B%22ref%22%3A%22108%22%2C%22action_history%22%3A%22null%22%7D\">The Kasper (Solo) Kukuksb\u00fchne (Weil der Stadt) ab 20 Uhr<\/a><\/li>\n<li><a href=\"https:\/\/www.facebook.com\/events\/590869967784790\/?acontext=%7B%22ref%22%3A%2229%22%2C%22ref_notif_type%22%3A%22event_calendar_create%22%2C%22action_history%22%3A%22null%22%7D&amp;notif_t=event_calendar_create&amp;notif_id=1496251837392997\">30.06.2017<\/a><a href=\"https:\/\/www.facebook.com\/events\/590869967784790\/?acontext=%7B%22ref%22%3A%2229%22%2C%22ref_notif_type%22%3A%22event_calendar_create%22%2C%22action_history%22%3A%22null%22%7D&amp;notif_t=event_calendar_create&amp;notif_id=1496251837392997\"> KSK-Best of Band im Schloss Kleiningersheim Beginn 19.30 Uhr\u00a0<\/a><\/li>\n<li><a href=\"https:\/\/www.facebook.com\/events\/141695556397971\/?acontext=%7B%22ref%22%3A%2222%22%2C%22feed_story_type%22%3A%2222%22%2C%22action_history%22%3A%22null%22%7D&amp;pnref=story\">24.06.2017 The Mesh (Band) Marktplatzfest in Ludwigsburg ..Beginn 14 Uhr<\/a><\/li>\n<li><a href=\"http:\/\/thekasper.de\/?p=137\">26.05.2017 KSK-Best of Band Rettichfest (Freiberg) Beginn 19\u00a0Uhr<\/a><\/li>\n<li>12.05.2017 The Mesh (Band) unplugged im Gaswerk (B\u00f6nnigheim)<\/li>\n<li><a href=\"https:\/\/www.facebook.com\/events\/758297424326893\/?notif_t=plan_user_invited&amp;notif_id=1489586625332504\">06.05.2017 The Kasper (Solo) Finnegan\u00b4s der Rock Pup in Heilbronn ab 20.30 Uhr<\/a><\/li>\n<li><a href=\"https:\/\/www.facebook.com\/events\/994126564055659\/\">18.03.2017 The Mesh (Band) im Flint (Ludwigsburg)<\/a><\/li>\n<li><a href=\"https:\/\/thekasper.de\/?p=921\">11.03.2017 The Kasper (Solo) im Br\u00fcckenkaus (Ludwigsburg)<\/a>\u00a0<strong><em><a href=\"https:\/\/www.youtube.com\/watch?v=Qk1L8a_ncCU&amp;feature=share\">(freakstation live)<\/a><\/em><\/strong><\/li>\n<li><a href=\"https:\/\/www.facebook.com\/events\/822565627881336\/\">03.02.2017 The Kasper (Solo) im Gaswerk (B\u00f6nnigheim)<\/a><\/li>\n<li><a href=\"https:\/\/thekasper.de\/?p=141\">14.01.2017 The Kasper (Solo) im Riff (Bietigheim-Bissingen)<\/a><\/li>\n<li><a href=\"https:\/\/thekasper.de\/?p=144\">17.12.1016 KSK-Best of Band im Breuningerland (Ludwigsburg)<\/a>\u00a0<em><strong><a href=\"https:\/\/www.youtube.com\/watch?v=59hU8LFXklY&amp;feature=share\">(dead or alive live)<\/a><\/strong><\/em><\/li>\n<\/ul>\n<\/div>\n<\/div><\/div><\/div><\/div><\/div><\/div><div id=\"pg-719-1\"  class=\"panel-grid panel-has-style\" ><div class=\"siteorigin-panels-stretch panel-row-style panel-row-style-for-719-1\" style=\"padding: 25px 0; \" data-stretch-type=\"full\" data-overlay=\"true\" data-overlay-color=\"#000000\" ><div id=\"pgc-719-1-0\"  class=\"panel-grid-cell\" ><div id=\"panel-719-1-0-0\" class=\"so-panel widget widget_fp_social panel-first-child panel-last-child\" data-index=\"2\" ><div style=\"text-align: left;\" data-title-color=\"#443f3f\" data-headings-color=\"#443f3f\" class=\"panel-widget-style panel-widget-style-for-719-1-0-0\" >\t\t\t\t\t\t<div class=\"menu-thekaspersocialmenu-container\"><ul id=\"menu-thekaspersocialmenu\" class=\"menu social-menu-widget clearfix\"><li id=\"menu-item-52\" class=\"menu-item menu-item-type-custom menu-item-object-custom menu-item-52\"><a href=\"https:\/\/www.facebook.com\/thekaspermusic\"><span class=\"screen-reader-text\">Fb<\/span><\/a><\/li>\n<li id=\"menu-item-57\" class=\"menu-item menu-item-type-custom menu-item-object-custom menu-item-57\"><a href=\"https:\/\/www.youtube.com\/user\/TheTheTheKasper\"><span class=\"screen-reader-text\">Youtube<\/span><\/a><\/li>\n<li id=\"menu-item-468\" class=\"menu-item menu-item-type-custom menu-item-object-custom menu-item-468\"><a href=\"https:\/\/soundcloud.com\/the-kasper\"><span class=\"screen-reader-text\">Sound Cloud<\/span><\/a><\/li>\n<\/ul><\/div>\t\r\n\t\t<\/div><\/div><\/div><\/div><\/div><\/div>","protected":false},"excerpt":{"rendered":"<p>&nbsp; 05.09.2021 The Kasper (Solo) Lucky Eventlocation in Aichtal ab 10:00 Uhr 03.08.2020 The Kasper (Solo) Lucky Eventlocation in Aichtal ab 20:30 Uhr 27.07.2019 The Kasper (Solo) in Bietigheim (Benefizkonzert) (freakstation live) 07.07.2019 The Kasper (Solo) Oldtimer treffen in M\u00f6ckm\u00fchl ab 12 Uhr 28.02.2019 The Kasper (Solo) Gl\u00fcckskind in Winnenden ab 20 Uhr (Konzert live) [&hellip;]<\/p>\n","protected":false},"author":1,"featured_media":0,"parent":0,"menu_order":0,"comment_status":"closed","ping_status":"closed","template":"page-templates\/page_front-page.php","meta":{"footnotes":""},"class_list":["post-719","page","type-page","status-publish","hentry"],"_links":{"self":[{"href":"https:\/\/thekasper.de\/index.php?rest_route=\/wp\/v2\/pages\/719","targetHints":{"allow":["GET"]}}],"collection":[{"href":"https:\/\/thekasper.de\/index.php?rest_route=\/wp\/v2\/pages"}],"about":[{"href":"https:\/\/thekasper.de\/index.php?rest_route=\/wp\/v2\/types\/page"}],"author":[{"embeddable":true,"href":"https:\/\/thekasper.de\/index.php?rest_route=\/wp\/v2\/users\/1"}],"replies":[{"embeddable":true,"href":"https:\/\/thekasper.de\/index.php?rest_route=%2Fwp%2Fv2%2Fcomments&post=719"}],"version-history":[{"count":94,"href":"https:\/\/thekasper.de\/index.php?rest_route=\/wp\/v2\/pages\/719\/revisions"}],"predecessor-version":[{"id":1119,"href":"https:\/\/thekasper.de\/index.php?rest_route=\/wp\/v2\/pages\/719\/revisions\/1119"}],"wp:attachment":[{"href":"https:\/\/thekasper.de\/index.php?rest_route=%2Fwp%2Fv2%2Fmedia&parent=719"}],"curies":[{"name":"wp","href":"https:\/\/api.w.org\/{rel}","templated":true}]}}