{"id":730,"date":"2016-12-30T15:14:54","date_gmt":"2016-12-30T14:14:54","guid":{"rendered":"http:\/\/thekasper.de\/?page_id=730"},"modified":"2017-01-29T12:23:53","modified_gmt":"2017-01-29T11:23:53","slug":"news","status":"publish","type":"page","link":"https:\/\/thekasper.de\/?page_id=730","title":{"rendered":"News"},"content":{"rendered":"<div id=\"pl-730\"  class=\"panel-layout\" ><div id=\"pg-730-0\"  class=\"panel-grid panel-has-style\" ><div style=\"padding: 25px 0; \" data-overlay=\"true\" data-overlay-color=\"#000000\" class=\"panel-row-style panel-row-style-for-730-0\" ><div id=\"pgc-730-0-0\"  class=\"panel-grid-cell\" ><div id=\"panel-730-0-0-0\" class=\"so-panel widget widget_sow-headline panel-first-child\" data-index=\"0\" ><div style=\"text-align: left;\" data-title-color=\"#443f3f\" data-headings-color=\"#443f3f\" class=\"panel-widget-style panel-widget-style-for-730-0-0-0\" ><div\n\t\t\t\n\t\t\tclass=\"so-widget-sow-headline so-widget-sow-headline-default-20a0c0f31d57-730\"\n\t\t\t\n\t\t><div class=\"sow-headline-container \">\n\t\t\t\t\t\t\t<h3 class=\"sow-headline\">\n\t\t\t\t\t\tNEWS\t\t\t\t\t\t<\/h3>\n\t\t\t\t\t\t\t\t\t\t\t<div class=\"decoration\">\n\t\t\t\t\t\t<div class=\"decoration-inside\"><\/div>\n\t\t\t\t\t<\/div>\n\t\t\t\t\t<\/div>\n<\/div><\/div><\/div><div id=\"panel-730-0-0-1\" class=\"so-panel widget widget_sydney_latest_news sydney_latest_news_widget panel-last-child\" data-index=\"1\" ><div style=\"text-align: left;\" data-title-color=\"#443f3f\" data-headings-color=\"#443f3f\" class=\"panel-widget-style panel-widget-style-for-730-0-0-1\" >\t\t\r\n\t\t\t\t\t<div class=\"blog-post col-md-4 col-sm-6 col-xs-12\">\r\n\t\t\t\t\t\t\t<div class=\"entry-thumb\">\r\n\t\t\t\t\t<a href=\"https:\/\/thekasper.de\/?p=1132\" title=\"15. neues Album &#8220;online&#8221;\">\r\n\t\t\t\t\t\t<img loading=\"lazy\" decoding=\"async\" width=\"550\" height=\"400\" src=\"https:\/\/thekasper.de\/wp-content\/uploads\/2023\/03\/20-550x400.jpg\" class=\"attachment-sydney-medium-thumb size-sydney-medium-thumb wp-post-image\" alt=\"\" \/>\t\t\t\t\t<\/a>\t\t\t\r\n\t\t\t\t<\/div>\t\r\n\t\t\t\t\t\t\t\t\t\r\n\t\t\t<h4 class=\"entry-title\"><a href=\"https:\/\/thekasper.de\/?p=1132\" rel=\"bookmark\">15. neues Album &#8220;online&#8221;<\/a><\/h4>\t\t\t\t<div class=\"entry-summary\"><p>Hallo Leute, ab sofort ist mein neues Album &#8220;online&#8221; im stream und als download verf\u00fcgbar. H\u00f6rt doch mal rein. Viel spa\u00df Spotify &#8212;&gt; https:\/\/open.spotify.com\/album\/4D5Ti1K2xrhH0fYKZtx1o4&#8230; YouTube &#8212;&gt; https:\/\/youtube.com\/playlist&#8230; \u00fcberall auf&#8230; Spotify, Apple Music, iTunes, Instagram\/Facebook, TikTok\/Resso\/Luna, YouTube Music, Amazon, Soundtrack by Twitch, Pandora, Deezer, Tidal, iHeartRadio, ClaroMusica, Saavn, Boomplay, Anghami, KKBox, NetEase, Tencent, Qobuz, Joox, Kuack [&hellip;]<\/p>\n<\/div>\r\n\t\t\t<\/div>\r\n\t\t\t\t\t<div class=\"blog-post col-md-4 col-sm-6 col-xs-12\">\r\n\t\t\t\t\t\t\t<div class=\"entry-thumb\">\r\n\t\t\t\t\t<a href=\"https:\/\/thekasper.de\/?p=1121\" title=\"14. The Kasper live 2021&#8230;sei dabei\">\r\n\t\t\t\t\t\t<img loading=\"lazy\" decoding=\"async\" width=\"550\" height=\"400\" src=\"https:\/\/thekasper.de\/wp-content\/uploads\/2021\/09\/Lucky-2021-550x400.jpg\" class=\"attachment-sydney-medium-thumb size-sydney-medium-thumb wp-post-image\" alt=\"\" \/>\t\t\t\t\t<\/a>\t\t\t\r\n\t\t\t\t<\/div>\t\r\n\t\t\t\t\t\t\t\t\t\r\n\t\t\t<h4 class=\"entry-title\"><a href=\"https:\/\/thekasper.de\/?p=1121\" rel=\"bookmark\">14. The Kasper live 2021&#8230;sei dabei<\/a><\/h4>\t\t\t\t<div class=\"entry-summary\"><p>Hallo Liebe Freunde, The Kasper gibt&#8217;s am 05.09.2021 um 11 Uhr live bei Luckys Eventlocation. W\u00fcrde mich freuen wenn Du kommst. Hier ein kleines Video dazu Hier geht&#8217;s zur Veranstaltung&#8212;-&gt; https:\/\/fb.me\/e\/2pcwNQHMU Hier geht&#8217;s zur Reservierung &#8212;&gt; https:\/\/app.lucky-eventlocation.de Bis bald<\/p>\n<\/div>\r\n\t\t\t<\/div>\r\n\t\t\t\t\t<div class=\"blog-post col-md-4 col-sm-6 col-xs-12\">\r\n\t\t\t\t\t\t\t<div class=\"entry-thumb\">\r\n\t\t\t\t\t<a href=\"https:\/\/thekasper.de\/?p=1114\" title=\"13. Trailer 2021\">\r\n\t\t\t\t\t\t<img loading=\"lazy\" decoding=\"async\" width=\"550\" height=\"400\" src=\"https:\/\/thekasper.de\/wp-content\/uploads\/2021\/06\/Inspector-Kasper-Trailer2-550x400.jpg\" class=\"attachment-sydney-medium-thumb size-sydney-medium-thumb wp-post-image\" alt=\"\" \/>\t\t\t\t\t<\/a>\t\t\t\r\n\t\t\t\t<\/div>\t\r\n\t\t\t\t\t\t\t\t\t\r\n\t\t\t<h4 class=\"entry-title\"><a href=\"https:\/\/thekasper.de\/?p=1114\" rel=\"bookmark\">13. Trailer 2021<\/a><\/h4>\t\t\t\t<div class=\"entry-summary\"><\/div>\r\n\t\t\t<\/div>\r\n\t\t\r\n\t\t\t\t\t\t\t<a href=\"https:\/\/thekasper.de\/?page_id=254\" class=\"roll-button more-button\">See all our news<\/a>\r\n\t\t\t\t\r\n\t<\/div><\/div><\/div><\/div><\/div><div id=\"pg-730-1\"  class=\"panel-grid panel-has-style\" ><div class=\"siteorigin-panels-stretch panel-row-style panel-row-style-for-730-1\" style=\"padding: 25px 0; \" data-stretch-type=\"full\" data-overlay=\"true\" data-overlay-color=\"#000000\" ><div id=\"pgc-730-1-0\"  class=\"panel-grid-cell\" ><div id=\"panel-730-1-0-0\" class=\"so-panel widget widget_fp_social panel-first-child panel-last-child\" data-index=\"2\" ><div style=\"text-align: left;\" data-title-color=\"#443f3f\" data-headings-color=\"#443f3f\" class=\"panel-widget-style panel-widget-style-for-730-1-0-0\" >\t\t\t\t\t\t<div class=\"menu-thekaspersocialmenu-container\"><ul id=\"menu-thekaspersocialmenu\" class=\"menu social-menu-widget clearfix\"><li id=\"menu-item-52\" class=\"menu-item menu-item-type-custom menu-item-object-custom menu-item-52\"><a href=\"https:\/\/www.facebook.com\/thekaspermusic\"><span class=\"screen-reader-text\">Fb<\/span><\/a><\/li>\n<li id=\"menu-item-57\" class=\"menu-item menu-item-type-custom menu-item-object-custom menu-item-57\"><a href=\"https:\/\/www.youtube.com\/user\/TheTheTheKasper\"><span class=\"screen-reader-text\">Youtube<\/span><\/a><\/li>\n<li id=\"menu-item-468\" class=\"menu-item menu-item-type-custom menu-item-object-custom menu-item-468\"><a href=\"https:\/\/soundcloud.com\/the-kasper\"><span class=\"screen-reader-text\">Sound Cloud<\/span><\/a><\/li>\n<\/ul><\/div>\t\r\n\t\t<\/div><\/div><\/div><\/div><\/div><\/div>","protected":false},"excerpt":{"rendered":"<p>NEWS KSK-Best of Band im Breuningerland 17.12.1016 KSK-Best of Band im Breuningerland (Ludwigsburg) Beginn ist um ca. 16:00 Uhr The Kasper(Solo) im Riff 14.01.2017 The Kasper(Solo) im Riff (Bietigheim-Bissingen) Einlass 19 Uhr KSK-Best of Band Rettigfest 26.05.2017 KSK-Best of Band Rettigfest (Freiberg) Einlass ca. ab 20 Uhr Alle Neuigkeiten anzeigen Fb Twitter Google plus Instagram [&hellip;]<\/p>\n","protected":false},"author":1,"featured_media":0,"parent":0,"menu_order":0,"comment_status":"closed","ping_status":"closed","template":"page-templates\/page_front-page.php","meta":{"footnotes":""},"class_list":["post-730","page","type-page","status-publish","hentry"],"_links":{"self":[{"href":"https:\/\/thekasper.de\/index.php?rest_route=\/wp\/v2\/pages\/730","targetHints":{"allow":["GET"]}}],"collection":[{"href":"https:\/\/thekasper.de\/index.php?rest_route=\/wp\/v2\/pages"}],"about":[{"href":"https:\/\/thekasper.de\/index.php?rest_route=\/wp\/v2\/types\/page"}],"author":[{"embeddable":true,"href":"https:\/\/thekasper.de\/index.php?rest_route=\/wp\/v2\/users\/1"}],"replies":[{"embeddable":true,"href":"https:\/\/thekasper.de\/index.php?rest_route=%2Fwp%2Fv2%2Fcomments&post=730"}],"version-history":[{"count":6,"href":"https:\/\/thekasper.de\/index.php?rest_route=\/wp\/v2\/pages\/730\/revisions"}],"predecessor-version":[{"id":826,"href":"https:\/\/thekasper.de\/index.php?rest_route=\/wp\/v2\/pages\/730\/revisions\/826"}],"wp:attachment":[{"href":"https:\/\/thekasper.de\/index.php?rest_route=%2Fwp%2Fv2%2Fmedia&parent=730"}],"curies":[{"name":"wp","href":"https:\/\/api.w.org\/{rel}","templated":true}]}}