{"id":790,"date":"2017-01-07T12:04:14","date_gmt":"2017-01-07T11:04:14","guid":{"rendered":"http:\/\/thekasper.de\/?page_id=790"},"modified":"2018-04-26T09:00:58","modified_gmt":"2018-04-26T07:00:58","slug":"aktuelle-bilder","status":"publish","type":"page","link":"https:\/\/thekasper.de\/?page_id=790","title":{"rendered":"Aktuelle Bilder"},"content":{"rendered":"<div id=\"pl-790\"  class=\"panel-layout\" ><div id=\"pg-790-0\"  class=\"panel-grid panel-has-style\" ><div style=\"padding: 25px 0; \" data-overlay=\"true\" data-overlay-color=\"#000000\" class=\"panel-row-style panel-row-style-for-790-0\" ><div id=\"pgc-790-0-0\"  class=\"panel-grid-cell\" ><div id=\"panel-790-0-0-0\" class=\"so-panel widget widget_sow-editor panel-first-child panel-last-child\" data-index=\"0\" ><div style=\"text-align: left;\" data-title-color=\"#443f3f\" data-headings-color=\"#443f3f\" class=\"panel-widget-style panel-widget-style-for-790-0-0-0\" ><div\n\t\t\t\n\t\t\tclass=\"so-widget-sow-editor so-widget-sow-editor-base\"\n\t\t\t\n\t\t><h3 class=\"widget-title\">Aktuelle Bilder<\/h3>\n<div class=\"siteorigin-widget-tinymce textwidget\">\n\t<p>Hier findest Du eine Vielzahl aktueller Bilder aus aktuellen Events, Fotoshootings, Musikproben und sonstigen Veranstaltungen. Es kommen immer wieder neue Bilder hinzu, somit lohnt sich immer wieder vorbeizuschauen.<\/p>\n<p>Wenn Du auf das Bild klickst \u00f6ffnet sich ein Fotogalerie. Du kannst dir \u00fcber den Klick auf das \"i\" weitere textuelle Informationen zum Bild anzeigen lassen.<\/p>\n<p>Viel Spa\u00df beim Anschauen.<\/p>\n<p>- TheKasper<\/p>\n<\/div>\n<\/div><\/div><\/div><\/div><div id=\"pgc-790-0-1\"  class=\"panel-grid-cell\" ><div id=\"panel-790-0-1-0\" class=\"so-panel widget widget_bwp_gallery bwp_gallery panel-first-child panel-last-child\" data-index=\"1\" ><div style=\"text-align: left;\" data-title-color=\"#443f3f\" data-headings-color=\"#443f3f\" class=\"panel-widget-style panel-widget-style-for-790-0-1-0\" ><style id=\"bwg-style-0\">    #bwg_container1_0 #bwg_container2_0 .bwg-container-0.bwg-standard-thumbnails {\n      width: 1504px;\n              justify-content: center;\n        margin:0 auto !important;\n              background-color: rgba(255, 255, 255, 0.00);\n            padding-left: 4px;\n      padding-top: 4px;\n      max-width: 100%;\n            }\n        #bwg_container1_0 #bwg_container2_0 .bwg-container-0.bwg-standard-thumbnails .bwg-item {\n    justify-content: flex-start;\n      max-width: 100px;\n            width: 100px !important;\n          }\n    #bwg_container1_0 #bwg_container2_0 .bwg-container-0.bwg-standard-thumbnails .bwg-item a {\n       margin-right: 4px;\n       margin-bottom: 4px;\n    }\n    #bwg_container1_0 #bwg_container2_0 .bwg-container-0.bwg-standard-thumbnails .bwg-item0 {\n      padding: 0px;\n            background-color:rgba(255,255,255, 0.30);\n      border: 0px none #CCCCCC;\n      opacity: 1.00;\n      border-radius: 0;\n      box-shadow: 0px 0px 0px #888888;\n    }\n    #bwg_container1_0 #bwg_container2_0 .bwg-container-0.bwg-standard-thumbnails .bwg-item1 img {\n      max-height: none;\n      max-width: none;\n      padding: 0 !important;\n    }\n        @media only screen and (min-width: 480px) {\n      #bwg_container1_0 #bwg_container2_0 .bwg-container-0.bwg-standard-thumbnails .bwg-item0 {\n        transition: all 0.3s ease 0s;-webkit-transition: all 0.3s ease 0s;      }\n      #bwg_container1_0 #bwg_container2_0 .bwg-container-0.bwg-standard-thumbnails .bwg-item0:hover {\n        -ms-transform: scale(1.1);\n        -webkit-transform: scale(1.1);\n        transform: scale(1.1);\n      }\n    }\n          #bwg_container1_0 #bwg_container2_0 .bwg-container-0.bwg-standard-thumbnails .bwg-item1 {\n      padding-top: 100%;\n    }\n        #bwg_container1_0 #bwg_container2_0 .bwg-container-0.bwg-standard-thumbnails .bwg-title2,\n    #bwg_container1_0 #bwg_container2_0 .bwg-container-0.bwg-standard-thumbnails .bwg-ecommerce2 {\n      color: #CCCCCC;\n      font-family: segoe ui;\n      font-size: 16px;\n      font-weight: bold;\n      padding: 2px;\n      text-shadow: 0px 0px 0px #888888;\n      max-height: 100%;\n    }\n    #bwg_container1_0 #bwg_container2_0 .bwg-container-0.bwg-standard-thumbnails .bwg-thumb-description span {\n    color: #323A45;\n    font-family: Ubuntu;\n    font-size: 12px;\n    max-height: 100%;\n    word-wrap: break-word;\n    }\n    #bwg_container1_0 #bwg_container2_0 .bwg-container-0.bwg-standard-thumbnails .bwg-play-icon2 {\n      font-size: 32px;\n    }\n    #bwg_container1_0 #bwg_container2_0 .bwg-container-0.bwg-standard-thumbnails .bwg-ecommerce2 {\n      font-size: 19.2px;\n      color: #CCCCCC;\n    }\n    <\/style>\n    <div id=\"bwg_container1_0\"\n         class=\"bwg_container bwg_thumbnail bwg_thumbnails \"\n         data-right-click-protection=\"0\"\n         data-bwg=\"0\"\n         data-scroll=\"0\"\n         data-gallery-type=\"thumbnails\"\n         data-gallery-view-type=\"thumbnails\"\n         data-current-url=\"\/index.php?rest_route=%2Fwp%2Fv2%2Fpages%2F790\"\n         data-lightbox-url=\"https:\/\/thekasper.de\/wp-admin\/admin-ajax.php?action=GalleryBox&#038;current_view=0&#038;gallery_id=1&#038;tag=0&#038;theme_id=1&#038;shortcode_id=0&#038;sort_by=order&#038;order_by=ASC&#038;current_url=%2Findex.php%3Frest_route%3D%252Fwp%252Fv2%252Fpages%252F790\"\n         data-gallery-id=\"1\"\n         data-popup-width=\"800\"\n         data-popup-height=\"500\"\n         data-is-album=\"gallery\"\n         data-buttons-position=\"bottom\">\n      <div id=\"bwg_container2_0\">\n             <div id=\"ajax_loading_0\" class=\"bwg_loading_div_1\">\n      <div class=\"bwg_loading_div_2\">\n        <div class=\"bwg_loading_div_3\">\n          <div id=\"loading_div_0\" class=\"bwg_spider_ajax_loading\">\n          <\/div>\n        <\/div>\n      <\/div>\n    <\/div>\n            <form id=\"gal_front_form_0\"\n              class=\"bwg-hidden\"              method=\"post\"\n              action=\"#\"\n              data-current=\"0\"\n              data-shortcode-id=\"0\"\n              data-gallery-type=\"thumbnails\"\n              data-gallery-id=\"1\"\n              data-tag=\"0\"\n              data-album-id=\"0\"\n              data-theme-id=\"1\"\n              data-ajax-url=\"https:\/\/thekasper.de\/wp-admin\/admin-ajax.php?action=bwg_frontend_data\">\n          <div id=\"bwg_container3_0\" class=\"bwg-background bwg-background-0\">\n                <div data-max-count=\"15\"\n         data-thumbnail-width=\"100\"\n         data-bwg=\"0\"\n         data-gallery-id=\"1\"\n         data-lightbox-url=\"https:\/\/thekasper.de\/wp-admin\/admin-ajax.php?action=GalleryBox&amp;current_view=0&amp;gallery_id=1&amp;tag=0&amp;theme_id=1&amp;shortcode_id=0&amp;sort_by=order&amp;order_by=ASC&amp;current_url=%2Findex.php%3Frest_route%3D%252Fwp%252Fv2%252Fpages%252F790\"\n         id=\"bwg_thumbnails_0\"\n         class=\"bwg-container-0 bwg-thumbnails bwg-standard-thumbnails bwg-container bwg-border-box\">\n            <div class=\"bwg-item\">\n        <a class=\"bwg-a  bwg_lightbox\"  data-image-id=\"112\" href=\"https:\/\/thekasper.de\/wp-content\/uploads\/photo-gallery\/pictures_thekasper2001_2016\/05_pics01.JPG\" data-elementor-open-lightbox=\"no\">\n                <div class=\"bwg-item0 \">\n          <div class=\"bwg-item1 \">\n            <div class=\"bwg-item2\">\n              <img decoding=\"async\" class=\"skip-lazy bwg_standart_thumb_img_0 \"\n                   data-id=\"112\"\n                   data-width=\"\"\n                   data-height=\"\"\n                   data-src=\"https:\/\/thekasper.de\/wp-content\/uploads\/photo-gallery\/pictures_thekasper2001_2016\/thumb\/05_pics01.JPG\"\n                   src=\"https:\/\/thekasper.de\/wp-content\/uploads\/photo-gallery\/pictures_thekasper2001_2016\/thumb\/05_pics01.JPG\"\n                   alt=\"\"\n                   title=\"\" \/>\n            <\/div>\n            <div class=\"\">\n                                                      <\/div>\n          <\/div>\n        <\/div>\n                        <\/a>\n              <\/div>\n            <div class=\"bwg-item\">\n        <a class=\"bwg-a  bwg_lightbox\"  data-image-id=\"57\" href=\"https:\/\/thekasper.de\/wp-content\/uploads\/photo-gallery\/pictures_thekasper2001_2016\/01.JPG\" data-elementor-open-lightbox=\"no\">\n                <div class=\"bwg-item0 \">\n          <div class=\"bwg-item1 \">\n            <div class=\"bwg-item2\">\n              <img decoding=\"async\" class=\"skip-lazy bwg_standart_thumb_img_0 \"\n                   data-id=\"57\"\n                   data-width=\"\"\n                   data-height=\"\"\n                   data-src=\"https:\/\/thekasper.de\/wp-content\/uploads\/photo-gallery\/pictures_thekasper2001_2016\/thumb\/01.JPG\"\n                   src=\"https:\/\/thekasper.de\/wp-content\/uploads\/photo-gallery\/pictures_thekasper2001_2016\/thumb\/01.JPG\"\n                   alt=\"\"\n                   title=\"\" \/>\n            <\/div>\n            <div class=\"\">\n                                                      <\/div>\n          <\/div>\n        <\/div>\n                        <\/a>\n              <\/div>\n            <div class=\"bwg-item\">\n        <a class=\"bwg-a  bwg_lightbox\"  data-image-id=\"58\" href=\"https:\/\/thekasper.de\/wp-content\/uploads\/photo-gallery\/pictures_thekasper2001_2016\/02.jpg\" data-elementor-open-lightbox=\"no\">\n                <div class=\"bwg-item0 \">\n          <div class=\"bwg-item1 \">\n            <div class=\"bwg-item2\">\n              <img decoding=\"async\" class=\"skip-lazy bwg_standart_thumb_img_0 \"\n                   data-id=\"58\"\n                   data-width=\"\"\n                   data-height=\"\"\n                   data-src=\"https:\/\/thekasper.de\/wp-content\/uploads\/photo-gallery\/pictures_thekasper2001_2016\/thumb\/02.jpg\"\n                   src=\"https:\/\/thekasper.de\/wp-content\/uploads\/photo-gallery\/pictures_thekasper2001_2016\/thumb\/02.jpg\"\n                   alt=\"\"\n                   title=\"\" \/>\n            <\/div>\n            <div class=\"\">\n                                                      <\/div>\n          <\/div>\n        <\/div>\n                        <\/a>\n              <\/div>\n            <div class=\"bwg-item\">\n        <a class=\"bwg-a  bwg_lightbox\"  data-image-id=\"55\" href=\"https:\/\/thekasper.de\/wp-content\/uploads\/photo-gallery\/pictures_thekasper2001_2016\/03.jpg\" data-elementor-open-lightbox=\"no\">\n                <div class=\"bwg-item0 \">\n          <div class=\"bwg-item1 \">\n            <div class=\"bwg-item2\">\n              <img decoding=\"async\" class=\"skip-lazy bwg_standart_thumb_img_0 \"\n                   data-id=\"55\"\n                   data-width=\"\"\n                   data-height=\"\"\n                   data-src=\"https:\/\/thekasper.de\/wp-content\/uploads\/photo-gallery\/pictures_thekasper2001_2016\/thumb\/03.jpg\"\n                   src=\"https:\/\/thekasper.de\/wp-content\/uploads\/photo-gallery\/pictures_thekasper2001_2016\/thumb\/03.jpg\"\n                   alt=\"\"\n                   title=\"\" \/>\n            <\/div>\n            <div class=\"\">\n                                                      <\/div>\n          <\/div>\n        <\/div>\n                        <\/a>\n              <\/div>\n            <div class=\"bwg-item\">\n        <a class=\"bwg-a  bwg_lightbox\"  data-image-id=\"60\" href=\"https:\/\/thekasper.de\/wp-content\/uploads\/photo-gallery\/pictures_thekasper2001_2016\/04.jpg\" data-elementor-open-lightbox=\"no\">\n                <div class=\"bwg-item0 \">\n          <div class=\"bwg-item1 \">\n            <div class=\"bwg-item2\">\n              <img decoding=\"async\" class=\"skip-lazy bwg_standart_thumb_img_0 \"\n                   data-id=\"60\"\n                   data-width=\"\"\n                   data-height=\"\"\n                   data-src=\"https:\/\/thekasper.de\/wp-content\/uploads\/photo-gallery\/pictures_thekasper2001_2016\/thumb\/04.jpg\"\n                   src=\"https:\/\/thekasper.de\/wp-content\/uploads\/photo-gallery\/pictures_thekasper2001_2016\/thumb\/04.jpg\"\n                   alt=\"\"\n                   title=\"\" \/>\n            <\/div>\n            <div class=\"\">\n                                                      <\/div>\n          <\/div>\n        <\/div>\n                        <\/a>\n              <\/div>\n            <div class=\"bwg-item\">\n        <a class=\"bwg-a  bwg_lightbox\"  data-image-id=\"59\" href=\"https:\/\/thekasper.de\/wp-content\/uploads\/photo-gallery\/pictures_thekasper2001_2016\/05.jpg\" data-elementor-open-lightbox=\"no\">\n                <div class=\"bwg-item0 \">\n          <div class=\"bwg-item1 \">\n            <div class=\"bwg-item2\">\n              <img decoding=\"async\" class=\"skip-lazy bwg_standart_thumb_img_0 \"\n                   data-id=\"59\"\n                   data-width=\"\"\n                   data-height=\"\"\n                   data-src=\"https:\/\/thekasper.de\/wp-content\/uploads\/photo-gallery\/pictures_thekasper2001_2016\/thumb\/05.jpg\"\n                   src=\"https:\/\/thekasper.de\/wp-content\/uploads\/photo-gallery\/pictures_thekasper2001_2016\/thumb\/05.jpg\"\n                   alt=\"\"\n                   title=\"\" \/>\n            <\/div>\n            <div class=\"\">\n                                                      <\/div>\n          <\/div>\n        <\/div>\n                        <\/a>\n              <\/div>\n            <div class=\"bwg-item\">\n        <a class=\"bwg-a  bwg_lightbox\"  data-image-id=\"47\" href=\"https:\/\/thekasper.de\/wp-content\/uploads\/photo-gallery\/pictures_thekasper2001_2016\/06.jpg\" data-elementor-open-lightbox=\"no\">\n                <div class=\"bwg-item0 \">\n          <div class=\"bwg-item1 \">\n            <div class=\"bwg-item2\">\n              <img decoding=\"async\" class=\"skip-lazy bwg_standart_thumb_img_0 \"\n                   data-id=\"47\"\n                   data-width=\"\"\n                   data-height=\"\"\n                   data-src=\"https:\/\/thekasper.de\/wp-content\/uploads\/photo-gallery\/pictures_thekasper2001_2016\/thumb\/06.jpg\"\n                   src=\"https:\/\/thekasper.de\/wp-content\/uploads\/photo-gallery\/pictures_thekasper2001_2016\/thumb\/06.jpg\"\n                   alt=\"\"\n                   title=\"\" \/>\n            <\/div>\n            <div class=\"\">\n                                                      <\/div>\n          <\/div>\n        <\/div>\n                        <\/a>\n              <\/div>\n            <div class=\"bwg-item\">\n        <a class=\"bwg-a  bwg_lightbox\"  data-image-id=\"52\" href=\"https:\/\/thekasper.de\/wp-content\/uploads\/photo-gallery\/pictures_thekasper2001_2016\/08.jpg\" data-elementor-open-lightbox=\"no\">\n                <div class=\"bwg-item0 \">\n          <div class=\"bwg-item1 \">\n            <div class=\"bwg-item2\">\n              <img decoding=\"async\" class=\"skip-lazy bwg_standart_thumb_img_0 \"\n                   data-id=\"52\"\n                   data-width=\"\"\n                   data-height=\"\"\n                   data-src=\"https:\/\/thekasper.de\/wp-content\/uploads\/photo-gallery\/pictures_thekasper2001_2016\/thumb\/08.jpg\"\n                   src=\"https:\/\/thekasper.de\/wp-content\/uploads\/photo-gallery\/pictures_thekasper2001_2016\/thumb\/08.jpg\"\n                   alt=\"\"\n                   title=\"\" \/>\n            <\/div>\n            <div class=\"\">\n                                                      <\/div>\n          <\/div>\n        <\/div>\n                        <\/a>\n              <\/div>\n            <div class=\"bwg-item\">\n        <a class=\"bwg-a  bwg_lightbox\"  data-image-id=\"53\" href=\"https:\/\/thekasper.de\/wp-content\/uploads\/photo-gallery\/pictures_thekasper2001_2016\/09.jpg\" data-elementor-open-lightbox=\"no\">\n                <div class=\"bwg-item0 \">\n          <div class=\"bwg-item1 \">\n            <div class=\"bwg-item2\">\n              <img decoding=\"async\" class=\"skip-lazy bwg_standart_thumb_img_0 \"\n                   data-id=\"53\"\n                   data-width=\"\"\n                   data-height=\"\"\n                   data-src=\"https:\/\/thekasper.de\/wp-content\/uploads\/photo-gallery\/pictures_thekasper2001_2016\/thumb\/09.jpg\"\n                   src=\"https:\/\/thekasper.de\/wp-content\/uploads\/photo-gallery\/pictures_thekasper2001_2016\/thumb\/09.jpg\"\n                   alt=\"\"\n                   title=\"\" \/>\n            <\/div>\n            <div class=\"\">\n                                                      <\/div>\n          <\/div>\n        <\/div>\n                        <\/a>\n              <\/div>\n            <div class=\"bwg-item\">\n        <a class=\"bwg-a  bwg_lightbox\"  data-image-id=\"56\" href=\"https:\/\/thekasper.de\/wp-content\/uploads\/photo-gallery\/pictures_thekasper2001_2016\/10.jpg\" data-elementor-open-lightbox=\"no\">\n                <div class=\"bwg-item0 \">\n          <div class=\"bwg-item1 \">\n            <div class=\"bwg-item2\">\n              <img decoding=\"async\" class=\"skip-lazy bwg_standart_thumb_img_0 \"\n                   data-id=\"56\"\n                   data-width=\"\"\n                   data-height=\"\"\n                   data-src=\"https:\/\/thekasper.de\/wp-content\/uploads\/photo-gallery\/pictures_thekasper2001_2016\/thumb\/10.jpg\"\n                   src=\"https:\/\/thekasper.de\/wp-content\/uploads\/photo-gallery\/pictures_thekasper2001_2016\/thumb\/10.jpg\"\n                   alt=\"\"\n                   title=\"\" \/>\n            <\/div>\n            <div class=\"\">\n                                                      <\/div>\n          <\/div>\n        <\/div>\n                        <\/a>\n              <\/div>\n            <div class=\"bwg-item\">\n        <a class=\"bwg-a  bwg_lightbox\"  data-image-id=\"54\" href=\"https:\/\/thekasper.de\/wp-content\/uploads\/photo-gallery\/pictures_thekasper2001_2016\/11.jpg\" data-elementor-open-lightbox=\"no\">\n                <div class=\"bwg-item0 \">\n          <div class=\"bwg-item1 \">\n            <div class=\"bwg-item2\">\n              <img decoding=\"async\" class=\"skip-lazy bwg_standart_thumb_img_0 \"\n                   data-id=\"54\"\n                   data-width=\"\"\n                   data-height=\"\"\n                   data-src=\"https:\/\/thekasper.de\/wp-content\/uploads\/photo-gallery\/pictures_thekasper2001_2016\/thumb\/11.jpg\"\n                   src=\"https:\/\/thekasper.de\/wp-content\/uploads\/photo-gallery\/pictures_thekasper2001_2016\/thumb\/11.jpg\"\n                   alt=\"\"\n                   title=\"\" \/>\n            <\/div>\n            <div class=\"\">\n                                                      <\/div>\n          <\/div>\n        <\/div>\n                        <\/a>\n              <\/div>\n            <div class=\"bwg-item\">\n        <a class=\"bwg-a  bwg_lightbox\"  data-image-id=\"49\" href=\"https:\/\/thekasper.de\/wp-content\/uploads\/photo-gallery\/pictures_thekasper2001_2016\/12.jpg\" data-elementor-open-lightbox=\"no\">\n                <div class=\"bwg-item0 \">\n          <div class=\"bwg-item1 \">\n            <div class=\"bwg-item2\">\n              <img decoding=\"async\" class=\"skip-lazy bwg_standart_thumb_img_0 \"\n                   data-id=\"49\"\n                   data-width=\"\"\n                   data-height=\"\"\n                   data-src=\"https:\/\/thekasper.de\/wp-content\/uploads\/photo-gallery\/pictures_thekasper2001_2016\/thumb\/12.jpg\"\n                   src=\"https:\/\/thekasper.de\/wp-content\/uploads\/photo-gallery\/pictures_thekasper2001_2016\/thumb\/12.jpg\"\n                   alt=\"\"\n                   title=\"\" \/>\n            <\/div>\n            <div class=\"\">\n                                                      <\/div>\n          <\/div>\n        <\/div>\n                        <\/a>\n              <\/div>\n            <div class=\"bwg-item\">\n        <a class=\"bwg-a  bwg_lightbox\"  data-image-id=\"40\" href=\"https:\/\/thekasper.de\/wp-content\/uploads\/photo-gallery\/pictures_thekasper2001_2016\/13.JPG\" data-elementor-open-lightbox=\"no\">\n                <div class=\"bwg-item0 \">\n          <div class=\"bwg-item1 \">\n            <div class=\"bwg-item2\">\n              <img decoding=\"async\" class=\"skip-lazy bwg_standart_thumb_img_0 \"\n                   data-id=\"40\"\n                   data-width=\"\"\n                   data-height=\"\"\n                   data-src=\"https:\/\/thekasper.de\/wp-content\/uploads\/photo-gallery\/pictures_thekasper2001_2016\/thumb\/13.JPG\"\n                   src=\"https:\/\/thekasper.de\/wp-content\/uploads\/photo-gallery\/pictures_thekasper2001_2016\/thumb\/13.JPG\"\n                   alt=\"\"\n                   title=\"\" \/>\n            <\/div>\n            <div class=\"\">\n                                                      <\/div>\n          <\/div>\n        <\/div>\n                        <\/a>\n              <\/div>\n            <div class=\"bwg-item\">\n        <a class=\"bwg-a  bwg_lightbox\"  data-image-id=\"51\" href=\"https:\/\/thekasper.de\/wp-content\/uploads\/photo-gallery\/pictures_thekasper2001_2016\/14.jpg\" data-elementor-open-lightbox=\"no\">\n                <div class=\"bwg-item0 \">\n          <div class=\"bwg-item1 \">\n            <div class=\"bwg-item2\">\n              <img decoding=\"async\" class=\"skip-lazy bwg_standart_thumb_img_0 \"\n                   data-id=\"51\"\n                   data-width=\"\"\n                   data-height=\"\"\n                   data-src=\"https:\/\/thekasper.de\/wp-content\/uploads\/photo-gallery\/pictures_thekasper2001_2016\/thumb\/14.jpg\"\n                   src=\"https:\/\/thekasper.de\/wp-content\/uploads\/photo-gallery\/pictures_thekasper2001_2016\/thumb\/14.jpg\"\n                   alt=\"\"\n                   title=\"\" \/>\n            <\/div>\n            <div class=\"\">\n                                                      <\/div>\n          <\/div>\n        <\/div>\n                        <\/a>\n              <\/div>\n            <div class=\"bwg-item\">\n        <a class=\"bwg-a  bwg_lightbox\"  data-image-id=\"42\" href=\"https:\/\/thekasper.de\/wp-content\/uploads\/photo-gallery\/pictures_thekasper2001_2016\/15.jpg\" data-elementor-open-lightbox=\"no\">\n                <div class=\"bwg-item0 \">\n          <div class=\"bwg-item1 \">\n            <div class=\"bwg-item2\">\n              <img decoding=\"async\" class=\"skip-lazy bwg_standart_thumb_img_0 \"\n                   data-id=\"42\"\n                   data-width=\"\"\n                   data-height=\"\"\n                   data-src=\"https:\/\/thekasper.de\/wp-content\/uploads\/photo-gallery\/pictures_thekasper2001_2016\/thumb\/15.jpg\"\n                   src=\"https:\/\/thekasper.de\/wp-content\/uploads\/photo-gallery\/pictures_thekasper2001_2016\/thumb\/15.jpg\"\n                   alt=\"\"\n                   title=\"\" \/>\n            <\/div>\n            <div class=\"\">\n                                                      <\/div>\n          <\/div>\n        <\/div>\n                        <\/a>\n              <\/div>\n          <\/div>\n              <\/div>\n        <\/form>\n        <style>          #bwg_container1_0 #bwg_container2_0 #spider_popup_overlay_0 {\n          background-color: #000000;\n          opacity: 0.70;\n          }\n          <\/style>        <div id=\"bwg_spider_popup_loading_0\" class=\"bwg_spider_popup_loading\"><\/div>\n        <div id=\"spider_popup_overlay_0\" class=\"spider_popup_overlay\" onclick=\"spider_destroypopup(1000)\"><\/div>\n        <input type=\"hidden\" id=\"bwg_random_seed_0\" value=\"871906062\">\n                <\/div>\n    <\/div>\n    <script>\n      if (document.readyState === 'complete') {\n        if( typeof bwg_main_ready == 'function' ) {\n          if ( jQuery(\"#bwg_container1_0\").height() ) {\n            bwg_main_ready(jQuery(\"#bwg_container1_0\"));\n          }\n        }\n      } else {\n        document.addEventListener('DOMContentLoaded', function() {\n          if( typeof bwg_main_ready == 'function' ) {\n            if ( jQuery(\"#bwg_container1_0\").height() ) {\n             bwg_main_ready(jQuery(\"#bwg_container1_0\"));\n            }\n          }\n        });\n      }\n    <\/script>\n    <\/div><\/div><\/div><\/div><\/div><div id=\"pg-790-1\"  class=\"panel-grid panel-has-style\" ><div class=\"siteorigin-panels-stretch panel-row-style panel-row-style-for-790-1\" style=\"padding: 25px 0; \" data-stretch-type=\"full\" data-overlay=\"true\" data-overlay-color=\"#000000\" ><div id=\"pgc-790-1-0\"  class=\"panel-grid-cell\" ><div id=\"panel-790-1-0-0\" class=\"so-panel widget widget_fp_social panel-first-child panel-last-child\" data-index=\"2\" ><div style=\"text-align: left;\" data-title-color=\"#443f3f\" data-headings-color=\"#443f3f\" class=\"panel-widget-style panel-widget-style-for-790-1-0-0\" >\t\t\t\t\t\t<div class=\"menu-thekaspersocialmenu-container\"><ul id=\"menu-thekaspersocialmenu\" class=\"menu social-menu-widget clearfix\"><li id=\"menu-item-52\" class=\"menu-item menu-item-type-custom menu-item-object-custom menu-item-52\"><a href=\"https:\/\/www.facebook.com\/thekaspermusic\"><span class=\"screen-reader-text\">Fb<\/span><\/a><\/li>\n<li id=\"menu-item-57\" class=\"menu-item menu-item-type-custom menu-item-object-custom menu-item-57\"><a href=\"https:\/\/www.youtube.com\/user\/TheTheTheKasper\"><span class=\"screen-reader-text\">Youtube<\/span><\/a><\/li>\n<li id=\"menu-item-468\" class=\"menu-item menu-item-type-custom menu-item-object-custom menu-item-468\"><a href=\"https:\/\/soundcloud.com\/the-kasper\"><span class=\"screen-reader-text\">Sound Cloud<\/span><\/a><\/li>\n<\/ul><\/div>\t\r\n\t\t<\/div><\/div><\/div><\/div><\/div><\/div>","protected":false},"excerpt":{"rendered":"<p>Hier findest Du eine Vielzahl aktueller Bilder aus aktuellen Events, Fotoshootings, Musikproben und sonstigen Veranstaltungen. Es kommen immer wieder neue Bilder hinzu, somit lohnt sich immer wieder vorbeizuschauen.Wenn Du auf das Bild klickst \u00f6ffnet sich ein Fotogalerie. Du kannst dir \u00fcber den Klick auf das &#8220;i&#8221; weitere textuelle Informationen zum Bild anzeigen lassen.Viel Spa\u00df beim [&hellip;]<\/p>\n","protected":false},"author":1,"featured_media":0,"parent":522,"menu_order":0,"comment_status":"closed","ping_status":"closed","template":"page-templates\/page_front-page.php","meta":{"footnotes":""},"class_list":["post-790","page","type-page","status-publish","hentry"],"_links":{"self":[{"href":"https:\/\/thekasper.de\/index.php?rest_route=\/wp\/v2\/pages\/790","targetHints":{"allow":["GET"]}}],"collection":[{"href":"https:\/\/thekasper.de\/index.php?rest_route=\/wp\/v2\/pages"}],"about":[{"href":"https:\/\/thekasper.de\/index.php?rest_route=\/wp\/v2\/types\/page"}],"author":[{"embeddable":true,"href":"https:\/\/thekasper.de\/index.php?rest_route=\/wp\/v2\/users\/1"}],"replies":[{"embeddable":true,"href":"https:\/\/thekasper.de\/index.php?rest_route=%2Fwp%2Fv2%2Fcomments&post=790"}],"version-history":[{"count":30,"href":"https:\/\/thekasper.de\/index.php?rest_route=\/wp\/v2\/pages\/790\/revisions"}],"predecessor-version":[{"id":997,"href":"https:\/\/thekasper.de\/index.php?rest_route=\/wp\/v2\/pages\/790\/revisions\/997"}],"up":[{"embeddable":true,"href":"https:\/\/thekasper.de\/index.php?rest_route=\/wp\/v2\/pages\/522"}],"wp:attachment":[{"href":"https:\/\/thekasper.de\/index.php?rest_route=%2Fwp%2Fv2%2Fmedia&parent=790"}],"curies":[{"name":"wp","href":"https:\/\/api.w.org\/{rel}","templated":true}]}}